{"id":4051,"date":"2024-08-16T19:02:46","date_gmt":"2024-08-16T10:02:46","guid":{"rendered":"https:\/\/southgate-law.com\/attorneys\/a-reid-monroe-sheridan-2\/"},"modified":"2026-01-22T21:10:03","modified_gmt":"2026-01-22T12:10:03","slug":"a-reid-monroe-sheridan","status":"publish","type":"page","link":"https:\/\/southgate-law.com\/en\/attorneys\/a-reid-monroe-sheridan\/","title":{"rendered":"A. Reid Monroe-Sheridan"},"content":{"rendered":"<p><div class=\"fusion-fullwidth fullwidth-box fusion-builder-row-1 has-pattern-background has-mask-background nonhundred-percent-fullwidth non-hundred-percent-height-scrolling\" style=\"--awb-background-position:left top;--awb-border-sizes-top:0px;--awb-border-sizes-bottom:0px;--awb-border-sizes-left:0px;--awb-border-sizes-right:0px;--awb-border-radius-top-left:0px;--awb-border-radius-top-right:0px;--awb-border-radius-bottom-right:0px;--awb-border-radius-bottom-left:0px;--awb-padding-top:20px;--awb-padding-bottom:20px;--awb-margin-bottom:40px;--awb-flex-wrap:wrap;\" id=\"monroe-sheridan\" ><div class=\"fusion-builder-row fusion-row\"><div class=\"fusion-layout-column fusion_builder_column fusion-builder-column-0 fusion_builder_column_1_1 1_1 fusion-one-full fusion-column-first fusion-column-last\" style=\"--awb-bg-size:cover;--awb-margin-bottom:0px;\"><div class=\"fusion-column-wrapper fusion-flex-column-wrapper-legacy\"><div class=\"fusion-title title fusion-title-1 sep-underline sep-solid fusion-title-text fusion-title-size-one\" style=\"--awb-sep-color:#222222;\"><h1 class=\"fusion-title-heading title-heading-left\" style=\"margin:0;\">A. Reid Monroe-Sheridan<\/h1><\/div><div class=\"fusion-clearfix\"><\/div><\/div><\/div><div class=\"fusion-layout-column fusion_builder_column fusion-builder-column-1 fusion_builder_column_1_1 1_1 fusion-one-full fusion-column-first fusion-column-last\" style=\"--awb-bg-size:cover;\" data-scroll-devices=\"small-visibility,medium-visibility,large-visibility\"><div class=\"fusion-column-wrapper fusion-column-has-shadow fusion-flex-column-wrapper-legacy\"><div class=\"fusion-image-element fusion-image-align-center in-legacy-container\" style=\"text-align:center;--awb-caption-title-font-family:var(--h2_typography-font-family);--awb-caption-title-font-weight:var(--h2_typography-font-weight);--awb-caption-title-font-style:var(--h2_typography-font-style);--awb-caption-title-size:var(--h2_typography-font-size);--awb-caption-title-transform:var(--h2_typography-text-transform);--awb-caption-title-line-height:var(--h2_typography-line-height);--awb-caption-title-letter-spacing:var(--h2_typography-letter-spacing);\"><div class=\"imageframe-align-center\"><span class=\" fusion-imageframe imageframe-dropshadow imageframe-1 hover-type-none\" style=\"-webkit-box-shadow: 3px 3px 7px rgba(0,0,0,0.3);box-shadow: 3px 3px 7px rgba(0,0,0,0.3);\"><img decoding=\"async\" width=\"200\" height=\"300\" title=\"[Website]A. Reid Monroe-Sheridan\" src=\"https:\/\/southgate-law.com\/wp-content\/uploads\/2024\/03\/WebsiteA.-Reid-Monroe-Sheridan-200x300.jpg\" alt class=\"img-responsive wp-image-2661\" srcset=\"https:\/\/southgate-law.com\/wp-content\/uploads\/2024\/03\/WebsiteA.-Reid-Monroe-Sheridan-200x300.jpg 200w, https:\/\/southgate-law.com\/wp-content\/uploads\/2024\/03\/WebsiteA.-Reid-Monroe-Sheridan-400x600.jpg 400w, https:\/\/southgate-law.com\/wp-content\/uploads\/2024\/03\/WebsiteA.-Reid-Monroe-Sheridan-600x900.jpg 600w, https:\/\/southgate-law.com\/wp-content\/uploads\/2024\/03\/WebsiteA.-Reid-Monroe-Sheridan-800x1200.jpg 800w, https:\/\/southgate-law.com\/wp-content\/uploads\/2024\/03\/WebsiteA.-Reid-Monroe-Sheridan-1200x1800.jpg 1200w, https:\/\/southgate-law.com\/wp-content\/uploads\/2024\/03\/WebsiteA.-Reid-Monroe-Sheridan-scaled.jpg 1706w\" sizes=\"(max-width: 800px) 100vw, 1200px\" \/><\/span><\/div><\/div><div class=\"fusion-clearfix\"><\/div><\/div><\/div><div class=\"fusion-layout-column fusion_builder_column fusion-builder-column-2 fusion_builder_column_1_1 1_1 fusion-one-full fusion-column-first fusion-column-last\" style=\"--awb-bg-size:cover;--awb-margin-bottom:0px;\"><div class=\"fusion-column-wrapper fusion-flex-column-wrapper-legacy\"><div class=\"fusion-text fusion-text-1\"><div class=\"fusion-table table-2\">\n<table width=\"100%\">\n<tbody>\n<tr>\n<td style=\"width: 20.76%;\"><strong>Admissions\u00a0<\/strong><\/td>\n<td style=\"width: 76.23%;\">New York State Bar, 2010<br \/>\nRegistered Foreign Attorney in Japan (<em>Gaikokuho Jimu Bengoshi<\/em>), 2014<\/td>\n<\/tr>\n<tr>\n<td style=\"width: 20.76%;\"><strong>Education<\/strong><\/td>\n<td style=\"width: 76.23%;\">J.D., Harvard Law School,\u00a0<em>cum laude<\/em>, 2009<br \/>\nB.A., Carleton College,\u00a0<em>summa cum laude<\/em>, 2006<\/td>\n<\/tr>\n<tr>\n<td style=\"width: 20.76%;\"><strong>Languages<\/strong><\/td>\n<td style=\"width: 76.23%;\">English, Japanese<\/td>\n<\/tr>\n<\/tbody>\n<\/table>\n<\/div>\n<\/div><div class=\"fusion-clearfix\"><\/div><\/div><\/div><\/div><\/div><div class=\"fusion-fullwidth fullwidth-box fusion-builder-row-2 fusion-flex-container has-pattern-background has-mask-background btn3rem nonhundred-percent-fullwidth non-hundred-percent-height-scrolling\" style=\"--awb-border-radius-top-left:0px;--awb-border-radius-top-right:0px;--awb-border-radius-bottom-right:0px;--awb-border-radius-bottom-left:0px;--awb-margin-bottom:40px;--awb-flex-wrap:wrap;\" ><div class=\"fusion-builder-row fusion-row fusion-flex-align-items-flex-start fusion-flex-content-wrap\" style=\"max-width:998.4px;margin-left: calc(-4% \/ 2 );margin-right: calc(-4% \/ 2 );\"><div class=\"fusion-layout-column fusion_builder_column fusion-builder-column-3 fusion_builder_column_1_4 1_4 fusion-flex-column\" style=\"--awb-bg-size:cover;--awb-width-large:25%;--awb-margin-top-large:0px;--awb-spacing-right-large:7.68%;--awb-margin-bottom-large:20px;--awb-spacing-left-large:7.68%;--awb-width-medium:33.333333333333%;--awb-order-medium:0;--awb-spacing-right-medium:5.76%;--awb-spacing-left-medium:5.76%;--awb-width-small:33.333333333333%;--awb-order-small:0;--awb-spacing-right-small:5.76%;--awb-spacing-left-small:5.76%;\" data-scroll-devices=\"small-visibility,medium-visibility,large-visibility\"><div class=\"fusion-column-wrapper fusion-column-has-shadow fusion-flex-justify-content-flex-start fusion-content-layout-column\"><div style=\"text-align:center;\"><a class=\"fusion-button button-flat fusion-button-default-size button-default fusion-button-default button-1 fusion-button-span-yes fusion-button-default-type\" target=\"_self\" href=\"#001\"><span class=\"fusion-button-text awb-button__text awb-button__text--default\">Practice Experience<\/span><\/a><\/div><\/div><\/div><div class=\"fusion-layout-column fusion_builder_column fusion-builder-column-4 fusion_builder_column_1_4 1_4 fusion-flex-column\" style=\"--awb-bg-size:cover;--awb-width-large:25%;--awb-margin-top-large:0px;--awb-spacing-right-large:7.68%;--awb-margin-bottom-large:20px;--awb-spacing-left-large:7.68%;--awb-width-medium:33.333333333333%;--awb-order-medium:0;--awb-spacing-right-medium:5.76%;--awb-spacing-left-medium:5.76%;--awb-width-small:33.333333333333%;--awb-order-small:0;--awb-spacing-right-small:5.76%;--awb-spacing-left-small:5.76%;\" data-scroll-devices=\"small-visibility,medium-visibility,large-visibility\"><div class=\"fusion-column-wrapper fusion-column-has-shadow fusion-flex-justify-content-flex-start fusion-content-layout-column\"><div style=\"text-align:center;\"><a class=\"fusion-button button-flat fusion-button-default-size button-default fusion-button-default button-2 fusion-button-span-yes fusion-button-default-type\" target=\"_self\" href=\"#002\"><span class=\"fusion-button-text awb-button__text awb-button__text--default\">Publications<\/span><\/a><\/div><\/div><\/div><div class=\"fusion-layout-column fusion_builder_column fusion-builder-column-5 fusion_builder_column_1_4 1_4 fusion-flex-column\" style=\"--awb-bg-size:cover;--awb-width-large:25%;--awb-margin-top-large:0px;--awb-spacing-right-large:7.68%;--awb-margin-bottom-large:20px;--awb-spacing-left-large:7.68%;--awb-width-medium:33.333333333333%;--awb-order-medium:0;--awb-spacing-right-medium:5.76%;--awb-spacing-left-medium:5.76%;--awb-width-small:33.333333333333%;--awb-order-small:0;--awb-spacing-right-small:5.76%;--awb-spacing-left-small:5.76%;\" data-scroll-devices=\"small-visibility,medium-visibility,large-visibility\"><div class=\"fusion-column-wrapper fusion-column-has-shadow fusion-flex-justify-content-flex-start fusion-content-layout-column\"><div style=\"text-align:center;\"><a class=\"fusion-button button-flat fusion-button-default-size button-default fusion-button-default button-3 fusion-button-span-yes fusion-button-default-type\" target=\"_self\" href=\"#003\"><span class=\"fusion-button-text awb-button__text awb-button__text--default\">Speaking Engagements<\/span><\/a><\/div><\/div><\/div><div class=\"fusion-layout-column fusion_builder_column fusion-builder-column-6 fusion_builder_column_1_4 1_4 fusion-flex-column\" style=\"--awb-bg-size:cover;--awb-width-large:25%;--awb-margin-top-large:0px;--awb-spacing-right-large:7.68%;--awb-margin-bottom-large:20px;--awb-spacing-left-large:7.68%;--awb-width-medium:33.333333333333%;--awb-order-medium:0;--awb-spacing-right-medium:5.76%;--awb-spacing-left-medium:5.76%;--awb-width-small:33.333333333333%;--awb-order-small:0;--awb-spacing-right-small:5.76%;--awb-spacing-left-small:5.76%;\" data-scroll-devices=\"small-visibility,medium-visibility,large-visibility\"><div class=\"fusion-column-wrapper fusion-column-has-shadow fusion-flex-justify-content-flex-start fusion-content-layout-column\"><div style=\"text-align:center;\"><a class=\"fusion-button button-flat fusion-button-default-size button-default fusion-button-default button-4 fusion-button-span-yes fusion-button-default-type\" target=\"_self\" href=\"#004\"><span class=\"fusion-button-text awb-button__text awb-button__text--default\">Awards<\/span><\/a><\/div><\/div><\/div><\/div><\/div><div class=\"fusion-fullwidth fullwidth-box fusion-builder-row-3 has-pattern-background has-mask-background nonhundred-percent-fullwidth non-hundred-percent-height-scrolling\" style=\"--awb-background-position:left top;--awb-border-sizes-top:0px;--awb-border-sizes-bottom:0px;--awb-border-sizes-left:0px;--awb-border-sizes-right:0px;--awb-border-radius-top-left:0px;--awb-border-radius-top-right:0px;--awb-border-radius-bottom-right:0px;--awb-border-radius-bottom-left:0px;--awb-padding-top:20px;--awb-padding-bottom:20px;--awb-flex-wrap:wrap;\" ><div class=\"fusion-builder-row fusion-row\"><div class=\"fusion-layout-column fusion_builder_column fusion-builder-column-7 fusion_builder_column_1_1 1_1 fusion-one-full fusion-column-first fusion-column-last\" style=\"--awb-bg-size:cover;--awb-margin-bottom:40px;\" id=\"001\" data-scroll-devices=\"small-visibility,medium-visibility,large-visibility\"><div class=\"fusion-column-wrapper fusion-column-has-shadow fusion-flex-column-wrapper-legacy\"><div class=\"fusion-title title fusion-title-2 fusion-sep-none fusion-title-text fusion-title-size-three\"><h3 class=\"fusion-title-heading title-heading-left\" style=\"margin:0;\">Practice Experience<\/h3><\/div><div class=\"fusion-text fusion-text-2\"><p>Reid has experience spanning international mergers and acquisitions, venture financings, U.S. securities law matters, and international commercial agreements such as core technology licensing contracts. Fluent in Japanese, Reid regularly advises public and private Japanese and American companies in these areas. Prior to joining southgate, Reid practiced as an independent registered foreign lawyer in Japan through Monroe-Sheridan Foreign Law Office from 2014 to 2024. Reid began his career as an associate at Simpson Thacher &amp; Bartlett in New York and Tokyo, where he negotiated contracts and prepared other documentation for derivatives instruments, M&amp;A transactions, and billions of dollars of securities issuances.Reid is highlighted as a key lawyer in the Corporate and M&amp;A ranking (2026) of Legal 500.<\/p>\n<p>Reid is also a Professor at Keio Law School, one of Japan\u2019s top-ranked law schools. Reid\u2019s current and past courses have covered cross-border M&amp;A, startup and venture capital law, international capital markets, and international business contracts.<\/p>\n<\/div><div class=\"fusion-clearfix\"><\/div><\/div><\/div><div class=\"fusion-layout-column fusion_builder_column fusion-builder-column-8 fusion_builder_column_1_1 1_1 fusion-one-full fusion-column-first fusion-column-last\" style=\"--awb-bg-size:cover;--awb-margin-bottom:40px;\" id=\"002\" data-scroll-devices=\"small-visibility,medium-visibility,large-visibility\"><div class=\"fusion-column-wrapper fusion-column-has-shadow fusion-flex-column-wrapper-legacy\"><div class=\"fusion-title title fusion-title-3 fusion-sep-none fusion-title-text fusion-title-size-three\"><h3 class=\"fusion-title-heading title-heading-left\" style=\"margin:0;\">Publications<\/h3><\/div><div class=\"fusion-text fusion-text-3\"><ul>\n<li>Co-author, \u201cTrends and Developments chapter for Japan,\u201d in the Corporate M&amp;A 2025 guide published by <em>Chambers and Partners<\/em>, May 2025<\/li>\n<li>Co-author, \u201cLaw and Practice chapter for Japan,\u201d in the Venture Capital 2025 guide published by <em>Chambers and Partners<\/em> (May 2025)<\/li>\n<li>\u201cConvertible Equity in the Japanese Startup Ecosystem,\u201d\u00a0<em>University of Pennsylvania Asian Law Review<\/em>, Vol. 19, No. 1 (2023)<\/li>\n<li>\u201cThe Woman Next Door,\u201d Kuniko Mukoda (translation by A. Reid Monroe-Sheridan),\u00a0<em>Kurodahan Press<\/em>\u00a0(May 2021)<\/li>\n<li>\u201cLegal Risks and Mitigation Strategies Relating to Insolvent American Startups,\u201d\u00a0<em>New Business Law<\/em>, Vol. 1170 (May 15, 2020) (in Japanese)<\/li>\n<li>\u201cPromoting Legal Innovation in Japanese Startup Financing,\u201d\u00a0<em>George Mason Journal of International Commercial Law<\/em>, Vol. 10, No. 2 (Spring 2019)<\/li>\n<li>\u201cThe Role of a Registered Foreign Lawyer,\u201d\u00a0<em>Jiy\u016b to Seigi [Freedom and Justice]<\/em>\u00a0(Oct. 2018), Japan Federation of Bar Associations (in Japanese)<\/li>\n<li><em>\u201c<\/em>Presentation on the Establishment of the LL.M. in Global Legal Practice at Keio University Law School (with Koji Tsurumi),\u201d in\u00a0<em>H\u014ds\u014d Y\u014dsei to Rinsh\u014d Ky\u014diku [Lawyers and Clinical Education]<\/em>\u00a0No. 10, pp. 87-92 (March 2018), Nihon Kajo Publishing Co., Ltd. (in Japanese)<\/li>\n<li>\u201cAnalytical Versus Substantive Approaches in American and Japanese Law Schools,\u201d in\u00a0<em>Comparative Legal Education from Asian Perspective, Keio University Press<\/em>\u00a0(2017)<\/li>\n<li>\u201cUnifying Legal Departments in Global Companies,\u201d Interview with Koji Tsurumi,\u00a0<em>Mita Hy\u014dron<\/em>\u00a0(Dec. 2016), Keio University Press (in Japanese)<\/li>\n<li>\u201c<em>S<\/em>ubstance Overload: A Comparative Examination of Japanese Corporate Governance Law Through the Lens of the Daiwa Bank Case,\u201d\u00a0<em>Washington International Law Journal<\/em>, Vol. 24, No. 2 (April 2015)<\/li>\n<\/ul>\n<\/div><div class=\"fusion-clearfix\"><\/div><\/div><\/div><div class=\"fusion-layout-column fusion_builder_column fusion-builder-column-9 fusion_builder_column_1_1 1_1 fusion-one-full fusion-column-first fusion-column-last\" style=\"--awb-bg-size:cover;--awb-margin-bottom:40px;\" id=\"003\" data-scroll-devices=\"small-visibility,medium-visibility,large-visibility\"><div class=\"fusion-column-wrapper fusion-column-has-shadow fusion-flex-column-wrapper-legacy\"><div class=\"fusion-title title fusion-title-4 fusion-sep-none fusion-title-text fusion-title-size-three\"><h3 class=\"fusion-title-heading title-heading-left\" style=\"margin:0;\">Speaking Engagements<\/h3><\/div><div class=\"fusion-text fusion-text-4\"><ul>\n<li>\u201cStartup Financings in Japan and the US\u201d, Techstars Tokyo, September 2025<\/li>\n<li>\u201cRaising Money in Japan and the US\u201d, Techstars Tokyo, September 2024<\/li>\n<li>\u201cStartups\u2019 Goals for Expansion into the U.S.: Specific Steps for Business Expansion,\u201d Moon Creative Lab Tokyo (Hosted by Stripe, Inc.) (Tokyo, Japan), September 8, 2023 (in Japanese)<\/li>\n<li>\u201cCareers for US Lawyers in Asia<em>,\u201d\u00a0<\/em>Harvard Law School (hosted by Harvard Asia Law Society),\u00a0online, Nov. 10, 2021<\/li>\n<li>Guest Lecture on Japanese Law, \u201c<em>Advanced Readings in Japanese Human Rights<\/em>,\u201d Harvard Law School (Cambridge, Massachusetts, U.S.A., via videoconference), November 17, 2020<\/li>\n<li>\u201cBasic Legal Knowledge for Seed Funding\u00a0in\u00a0Silicon Valley,\u201d Online Seminar (Japan), June 29, 2020<\/li>\n<li>\u201cKey Legal Knowledge for International\u00a0Founders\u00a0in\u00a0Tokyo,\u201d Tokyo Founders (Tokyo, Japan), November 24, 2019<\/li>\n<li>\u201cPromoting Legal Innovation in Japanese Startup Financing,\u201d Harvard Law School (Cambridge, Massachusetts, U.S.A.), September 28-29, 2018 (research presentation)<\/li>\n<li>\u201cPresentation on the Establishment of the LL.M. in Global Legal Practice at Keio University Law School (with Koji Tsurumi),\u201d Meiji University (Tokyo, Japan), \u201cSymposium: From Bridge-Building to Integration: Going Beyond the Philosophy of the Justice System Reform of 2001\u201d (Organized by the Japan Clinical Legal Education Association), Apr. 23, 2017 (in Japanese)<\/li>\n<li>\u201cA Comparative View of Japanese Corporate Governance and the Daiwa Bank Case,\u201d Melbourne Law School (Melbourne, Australia), February 14, 2017<\/li>\n<li>\u201cChallenges in Japan-America Crossborder Business Combinations: A Case Study of Tokyo Electron,\u201d Hitotsubashi Graduate School of International Corporate Strategy (Tokyo, Japan), November 2015<\/li>\n<\/ul>\n<\/div><div class=\"fusion-clearfix\"><\/div><\/div><\/div><div class=\"fusion-layout-column fusion_builder_column fusion-builder-column-10 fusion_builder_column_1_1 1_1 fusion-one-full fusion-column-first fusion-column-last\" style=\"--awb-bg-size:cover;--awb-margin-bottom:40px;\" id=\"004\" data-scroll-devices=\"small-visibility,medium-visibility,large-visibility\"><div class=\"fusion-column-wrapper fusion-column-has-shadow fusion-flex-column-wrapper-legacy\"><div class=\"fusion-title title fusion-title-5 fusion-sep-none fusion-title-text fusion-title-size-three\"><h3 class=\"fusion-title-heading title-heading-left\" style=\"margin:0;\">Awards<\/h3><\/div><div class=\"fusion-text fusion-text-5\"><ul>\n<li><em>The Legal 500 Asia Pacific<\/em> \u2013 \u201cOther Key Lawyers\u201d in Corporate and M&amp;A: Independent Local Firms, Japan, 2026<\/li>\n<\/ul>\n<\/div><div class=\"fusion-clearfix\"><\/div><\/div><\/div><\/div><\/div><\/p>\n","protected":false},"excerpt":{"rendered":"","protected":false},"author":3,"featured_media":0,"parent":1301,"menu_order":0,"comment_status":"closed","ping_status":"closed","template":"","meta":{"_monsterinsights_skip_tracking":false,"_monsterinsights_sitenote_active":false,"_monsterinsights_sitenote_note":"","_monsterinsights_sitenote_category":0,"footnotes":""},"class_list":["post-4051","page","type-page","status-publish","hentry"],"_links":{"self":[{"href":"https:\/\/southgate-law.com\/en\/wp-json\/wp\/v2\/pages\/4051","targetHints":{"allow":["GET"]}}],"collection":[{"href":"https:\/\/southgate-law.com\/en\/wp-json\/wp\/v2\/pages"}],"about":[{"href":"https:\/\/southgate-law.com\/en\/wp-json\/wp\/v2\/types\/page"}],"author":[{"embeddable":true,"href":"https:\/\/southgate-law.com\/en\/wp-json\/wp\/v2\/users\/3"}],"replies":[{"embeddable":true,"href":"https:\/\/southgate-law.com\/en\/wp-json\/wp\/v2\/comments?post=4051"}],"version-history":[{"count":21,"href":"https:\/\/southgate-law.com\/en\/wp-json\/wp\/v2\/pages\/4051\/revisions"}],"predecessor-version":[{"id":5405,"href":"https:\/\/southgate-law.com\/en\/wp-json\/wp\/v2\/pages\/4051\/revisions\/5405"}],"up":[{"embeddable":true,"href":"https:\/\/southgate-law.com\/en\/wp-json\/wp\/v2\/pages\/1301"}],"wp:attachment":[{"href":"https:\/\/southgate-law.com\/en\/wp-json\/wp\/v2\/media?parent=4051"}],"curies":[{"name":"wp","href":"https:\/\/api.w.org\/{rel}","templated":true}]}}